{"id":16,"date":"2017-09-26T13:44:57","date_gmt":"2017-09-26T13:44:57","guid":{"rendered":"https:\/\/corposion.ch\/?page_id=16"},"modified":"2020-06-30T11:27:03","modified_gmt":"2020-06-30T11:27:03","slug":"accueil","status":"publish","type":"page","link":"http:\/\/corposion.ch\/","title":{"rendered":"Accueil"},"content":{"rendered":"<h1 style=\"text-align: center;\"><em><strong><img loading=\"lazy\" decoding=\"async\" class=\"size-full wp-image-42 aligncenter\" src=\"https:\/\/corposion.ch\/wp-content\/uploads\/2017\/09\/cropped-cropped-logo.jpg\" alt=\"\" width=\"248\" height=\"248\" srcset=\"http:\/\/corposion.ch\/wp-content\/uploads\/2017\/09\/cropped-cropped-logo.jpg 248w, http:\/\/corposion.ch\/wp-content\/uploads\/2017\/09\/cropped-cropped-logo-150x150.jpg 150w\" sizes=\"auto, (max-width: 248px) 100vw, 248px\" \/>\u00a0 \u00a0 \u00a0 \u00a0 \u00a0 <span style=\"color: #ff0000;\">\u00a0<span style=\"color: #0000ff;\">Groupement des Equipes de Football Hors-Championnat de Sion et environs<\/span><\/span><\/strong><\/em><\/h1>\n<h1 style=\"text-align: center;\"><span style=\"color: #0000ff;\"><strong>CORPOSION<\/strong><\/span><\/h1>\n<h2><strong>Bienvenue sur notre site du CorpoSion !<br \/><\/strong><\/h2>\n<h4>Eh bien tout le monde l&rsquo;avait devin\u00e9&#8230; il n&rsquo;y a pas eu de championnat cette ann\u00e9e 2020&#8230; Esp\u00e9rons que 2021 soit une meilleure ann\u00e9e<\/h4>\n<p>\u00a0<\/p>\n<h3><span style=\"color: #800080;\"><img loading=\"lazy\" decoding=\"async\" class=\"alignnone size-full wp-image-147\" src=\"http:\/\/corposion.ch\/wp-content\/uploads\/2018\/04\/IMG-20180419-WA0001-1.jpg\" alt=\"\" width=\"960\" height=\"720\" srcset=\"http:\/\/corposion.ch\/wp-content\/uploads\/2018\/04\/IMG-20180419-WA0001-1.jpg 960w, http:\/\/corposion.ch\/wp-content\/uploads\/2018\/04\/IMG-20180419-WA0001-1-300x225.jpg 300w, http:\/\/corposion.ch\/wp-content\/uploads\/2018\/04\/IMG-20180419-WA0001-1-768x576.jpg 768w\" sizes=\"auto, (max-width: 960px) 100vw, 960px\" \/> toutes les informations sur les matchs et les lieux seront sous <\/span><strong><span style=\"color: #3366ff;\"><a style=\"color: #3366ff;\" href=\"https:\/\/corposion.ch\/?page_id=92\">agenda 202<\/a>1<\/span><\/strong><\/h3>\n<h2>\u00a0*******************************************<\/h2>\n<h2>\u00a0<\/h2>\n<p><img loading=\"lazy\" decoding=\"async\" class=\"size-medium wp-image-46 aligncenter\" src=\"https:\/\/corposion.ch\/wp-content\/uploads\/2017\/09\/free-printable-jungle-animal-tiger-coloring-pages-for-kids-_858294337-300x192.jpg\" alt=\"\" width=\"300\" height=\"192\" srcset=\"http:\/\/corposion.ch\/wp-content\/uploads\/2017\/09\/free-printable-jungle-animal-tiger-coloring-pages-for-kids-_858294337-300x192.jpg 300w, http:\/\/corposion.ch\/wp-content\/uploads\/2017\/09\/free-printable-jungle-animal-tiger-coloring-pages-for-kids-_858294337.jpg 527w\" sizes=\"auto, (max-width: 300px) 100vw, 300px\" \/><\/p>\n<h2><strong>\u00a0<\/strong><\/h2>\n\n\n<p><\/p>\n","protected":false},"excerpt":{"rendered":"<p>\u00a0 \u00a0 \u00a0 \u00a0 \u00a0 \u00a0Groupement des Equipes de Football Hors-Championnat de Sion et environs CORPOSION Bienvenue sur notre site du CorpoSion ! Eh bien tout le monde l&rsquo;avait devin\u00e9&#8230; il n&rsquo;y a pas eu de championnat cette ann\u00e9e 2020&#8230; Esp\u00e9rons que 2021 soit une meilleure ann\u00e9e \u00a0 toutes les informations sur les matchs et &hellip; <a href=\"http:\/\/corposion.ch\/\" class=\"more-link\">Continuer la lecture de <span class=\"screen-reader-text\">Accueil<\/span><\/a><\/p>\n","protected":false},"author":1,"featured_media":0,"parent":0,"menu_order":0,"comment_status":"closed","ping_status":"closed","template":"","meta":{"footnotes":""},"class_list":["post-16","page","type-page","status-publish","hentry"],"_links":{"self":[{"href":"http:\/\/corposion.ch\/index.php?rest_route=\/wp\/v2\/pages\/16","targetHints":{"allow":["GET"]}}],"collection":[{"href":"http:\/\/corposion.ch\/index.php?rest_route=\/wp\/v2\/pages"}],"about":[{"href":"http:\/\/corposion.ch\/index.php?rest_route=\/wp\/v2\/types\/page"}],"author":[{"embeddable":true,"href":"http:\/\/corposion.ch\/index.php?rest_route=\/wp\/v2\/users\/1"}],"replies":[{"embeddable":true,"href":"http:\/\/corposion.ch\/index.php?rest_route=%2Fwp%2Fv2%2Fcomments&post=16"}],"version-history":[{"count":23,"href":"http:\/\/corposion.ch\/index.php?rest_route=\/wp\/v2\/pages\/16\/revisions"}],"predecessor-version":[{"id":200,"href":"http:\/\/corposion.ch\/index.php?rest_route=\/wp\/v2\/pages\/16\/revisions\/200"}],"wp:attachment":[{"href":"http:\/\/corposion.ch\/index.php?rest_route=%2Fwp%2Fv2%2Fmedia&parent=16"}],"curies":[{"name":"wp","href":"https:\/\/api.w.org\/{rel}","templated":true}]}}