{"id":136,"date":"2018-04-18T09:53:53","date_gmt":"2018-04-18T09:53:53","guid":{"rendered":"http:\/\/corposion.ch\/?page_id=136"},"modified":"2018-04-23T06:52:03","modified_gmt":"2018-04-23T06:52:03","slug":"tournoi-du-70eme","status":"publish","type":"page","link":"http:\/\/corposion.ch\/?page_id=136","title":{"rendered":"Tournoi du 70\u00e8me"},"content":{"rendered":"<h3><\/h3>\n<h3><strong><span style=\"color: #993300;\">Aux responsables d\u2019entreprises, associations, groupements\u2026<\/span><\/strong><\/h3>\n<h3><strong><span style=\"color: #993300;\">\u00a0\u00a0\u00a0\u00a0\u00a0\u00a0\u00a0\u00a0\u00a0\u00a0\u00a0\u00a0\u00a0\u00a0\u00a0\u00a0\u00a0\u00a0\u00a0\u00a0\u00a0\u00a0\u00a0\u00a0\u00a0\u00a0\u00a0\u00a0\u00a0 \u00a0\u00a0\u00a0\u00a0\u00a0\u00a0 de la r\u00e9gion s\u00e9dunoise<\/span><\/strong><\/h3>\n<p>&nbsp;<\/p>\n<p><span style=\"color: #008000;\"><strong>Bonjour,<\/strong><\/span><\/p>\n<p><span style=\"color: #008000;\"><strong>Les anciens se souviennent certainement et les nouveaux \u2013comme beaucoup d\u2019entre vous \u2013 n\u2019en ont jamais entendu parler\u00a0: depuis plus de 70 ans (71 ans cette ann\u00e9e), un tournoi de football \u00ab\u00a0hors-championnat\u00a0\u00bb regroupant les entreprises de la r\u00e9gion s\u00e9dunoise, se d\u00e9roulent dans la p\u00e9riode du printemps. Avec pr\u00e8s de 50 \u00e9quipes r\u00e9parties par divisions dans les ann\u00e9es glorieuses\u00a0(encore 39 \u00e9quipes en 1979) !&#8230;<\/strong><\/span><\/p>\n<p>&nbsp;<\/p>\n<p><span style=\"color: #008000;\"><strong>Pour se souvenir\u00a0; se rencontrer\u00a0; nous vous invitons \u00e0 former et inscrire une \u00e9quipe de football pour le tournoi du 70<sup>e<\/sup> qui se d\u00e9roulera le jour de la F\u00eate-Dieu (seule date r\u00e9aliste et possible pour la mise \u00e0 disposition d\u2019un terrain),<\/strong><\/span><\/p>\n<p>&nbsp;<\/p>\n<p><span style=\"color: #008000;\"><strong>Le jeudi 31 mai 2018 sur le terrain des Peupliers<\/strong><\/span><\/p>\n<p><span style=\"color: #008000;\"><strong>(\u00e0 Bramois, \u00e0 partir de 09h\u00a0; avec petite restauration)<\/strong><\/span><\/p>\n<p>&nbsp;<\/p>\n<p><span style=\"color: #008000;\"><strong>\u00a0\u00a0\u00a0\u00a0\u00a0\u00a0\u00a0\u00a0 En annexe, vous recevez le flyer\/invitation au tournoi avec toutes les coordonn\u00e9es\u00a0; ainsi que le r\u00e8glement du tournoi. Le d\u00e9lai est court mais les \u00e9quipes sont petites (5 joueurs de champ et un gardien)\u2026<\/strong><\/span><\/p>\n<p>&nbsp;<\/p>\n<p>&nbsp;<\/p>\n<p><span style=\"color: #008000;\"><strong>MERCI de former et inscrire (50.- l\u2019inscription) une \u00e9quipe repr\u00e9sentant votre entreprise, association, groupement\u2026<\/strong><\/span><\/p>\n<p>&nbsp;<\/p>\n<p><span style=\"color: #008000;\"><strong>Et Merci (pourquoi pas\u00a0?) de nous soutenir en versant un don \u00e0 notre groupement qui poursuit son aventure avec 8 \u00e9quipes en 2018 (FC Tamoul, Afghanistan, Hurlevent, Somalie, Palestino, Orif, Erythr\u00e9e et le FC Bianco).<\/strong><\/span><\/p>\n<p>&nbsp;<\/p>\n<p><span style=\"color: #008000;\"><strong>Meilleures salutations\u00a0sportives\u00a0!\u00a0 \u00a0\u00a0\u00a0\u00a0\u00a0\u00a0\u00a0\u00a0 Emmanuel Theler<\/strong><\/span><\/p>\n<p><span style=\"color: #008000;\"><strong>\u00a0\u00a0\u00a0\u00a0\u00a0\u00a0\u00a0\u00a0\u00a0\u00a0\u00a0\u00a0\u00a0\u00a0\u00a0\u00a0\u00a0\u00a0\u00a0\u00a0\u00a0\u00a0\u00a0\u00a0\u00a0\u00a0 \u00a0\u00a0\u00a0\u00a0\u00a0\u00a0\u00a0\u00a0\u00a0\u00a0\u00a0\u00a0\u00a0\u00a0\u00a0\u00a0\u00a0\u00a0\u00a0\u00a0\u00a0\u00a0\u00a0\u00a0\u00a0\u00a0 \u00a0\u00a0\u00a0\u00a0\u00a0\u00a0\u00a0\u00a0 Pr\u00e9sident du CorpoSion<\/strong><\/span><\/p>\n<p>&nbsp;<\/p>\n<p><strong><span style=\"color: #800000;\">Groupement des Equipes de Footbal Hors-Championnats\u00a0 BCVs S 0215.09.32\u00a0\u00a0<\/span><\/strong><\/p>\n<p><strong><span style=\"color: #800000;\">IBAN CH94 0076 5000 S021 5093 2\u00a0\u00a0\u00a0\u00a0\u00a0\u00a0\u00a0\u00a0\u00a0\u00a0\u00a0\u00a0\u00a0 <a style=\"color: #800000;\" href=\"http:\/\/www.corposion.ch\">www.corposion.ch<\/a>\u00a0\u00a0\u00a0\u00a0\u00a0\u00a0\u00a0\u00a0\u00a0\u00a0\u00a0\u00a0<\/span><\/strong><\/p>\n<p><strong><span style=\"color: #800000;\"> 079\/ 734.01.15<\/span><\/strong><\/p>\n<h2><span style=\"color: #0000ff;\">CorpoSion\u00a0\u00a0\u00a0 REGLEMENT du tournoi du 70e<\/span><\/h2>\n<p>&nbsp;<\/p>\n<p><span style=\"color: #008000;\"><strong><u>Equipes et joueurs<\/u>\u00a0:<\/strong><\/span><\/p>\n<ol>\n<li><strong><span style=\"color: #000000;\">Le tournoi est ouvert \u00e0 tous les joueurs et joueuses<\/span><\/strong><\/li>\n<li><strong><span style=\"color: #000000;\">Chaque \u00e9quipe jouera avec 5 joueurs + 1 gardien\u00a0; max 2 licenci\u00e9s en m\u00eame temps sur le terrain<\/span><\/strong><\/li>\n<li><strong><span style=\"color: #000000;\">Un joueur ne peut faire partie que d\u2019une seule \u00e9quipe<\/span><\/strong><\/li>\n<li><strong><span style=\"color: #000000;\">Les remplacements sont libres, ils peuvent intervenir durant le match \u00e0 tout moment<\/span><\/strong><\/li>\n<li><strong><span style=\"color: #000000;\">Les \u00e9quipes doivent se pr\u00e9senter sur le terrain dans un d\u00e9lai de 3 minutes apr\u00e8s l&rsquo;annonce effectu\u00e9e par le jury. En cas de non respect de ce d\u00e9lai, l&rsquo;\u00e9quipe est d\u00e9clar\u00e9e forfait pour le match<\/span><\/strong><\/li>\n<li><strong><span style=\"color: #000000;\">Au minimum 3 joueurs doivent \u00eatre pr\u00e9sents sur le terrain.<\/span><\/strong><\/li>\n<\/ol>\n<p>&nbsp;<\/p>\n<p><strong><span style=\"color: #008000;\"><u>Mat\u00e9riels<\/u><\/span><\/strong><\/p>\n<ol>\n<li><strong>Les crampons fers sont interdits<\/strong><\/li>\n<li><strong>Il est souhait\u00e9 que chaque \u00e9quipe vienne avec un \u00e9quipement uniforme. En cas de confusion avec l\u2019adversaire, des sautoirs seront impos\u00e9s par le jury.<\/strong><\/li>\n<\/ol>\n<p>&nbsp;<\/p>\n<p><strong><span style=\"color: #008000;\"><u>Jeux<\/u><\/span><\/strong><\/p>\n<ol>\n<li><strong>Le match d\u00e9bute et finit selon l&rsquo;ordre du jury, les arr\u00eats de jeu ne seront pas d\u00e9compt\u00e9s<\/strong><\/li>\n<li><strong>Le r\u00e8glement de l&rsquo;Association suisse de Football (ASF) sera appliqu\u00e9. Par contre, le hors-jeu n&rsquo;existe pas et la r\u00e8gle concernant la passe au gardien ne sera pas appliqu\u00e9e<\/strong><\/li>\n<li><strong>Les arbitres ont totale autorit\u00e9 sur le terrain<\/strong><\/li>\n<li><strong>Tout joueur sanctionn\u00e9 d&rsquo;un carton jaune sera exclu de la rencontre qui se joue<\/strong><\/li>\n<li><strong>Tout joueur sanctionn\u00e9 d&rsquo;un carton rouge (faute violente, coup \u00e0 l&rsquo;adversaire, manquement au fair-play, etc.) sera exclu de la rencontre et ne pourra plus participer \u00e0 la suite du tournoi.<\/strong><\/li>\n<\/ol>\n<p>&nbsp;<\/p>\n<p><strong><span style=\"color: #008000;\"><u>Fair-play<\/u><\/span><\/strong><\/p>\n<p><strong>Ce tournoi du 70<sup>e<\/sup> se veut une \u00ab\u00a0c\u00e9l\u00e9bration\u00a0\u00bb de tout ce qui a \u00e9t\u00e9 v\u00e9cu durant 70 ans par le GEFHC. Le Fair-play est donc primordial et toute \u00e9quipe ne respectant pas ses r\u00e8gles sera exclue du tournoi.<\/strong><\/p>\n<p>&nbsp;<\/p>\n<p><strong><span style=\"color: #008000;\"><u>Comp\u00e9tition<\/u><\/span><\/strong><\/p>\n<ol>\n<li><strong>Les \u00e9liminatoires se disputeront en poules, le classement s&rsquo;\u00e9tablira ainsi: 3 points par match gagn\u00e9\u00a0; 1 point par match nul\u00a0; 0 point par match perdu<\/strong><\/li>\n<li><strong>En cas d&rsquo;\u00e9galit\u00e9 \u00e0 la fin des poules \u00e9liminatoires, les \u00e9quipes seront d\u00e9partag\u00e9es par : le r\u00e9sultat de la confrontation directe\u00a0; ou \u2013 si n\u00e9cessaire \u2013 par tirage au sort<\/strong><\/li>\n<li><strong>Toute \u00e9quipe participant aux poules sera qualifi\u00e9e pour le tournoi principal<\/strong><\/li>\n<li><strong>En cas d\u2019\u00e9galit\u00e9 dans le tournoi principal, \u00e0 la fin des 12 minutes, une s\u00e9rie de 3 tirs aux buts sera effectu\u00e9e. Si l\u2019\u00e9galit\u00e9 persiste\u00a0: \u00e0 tour, un tir chacun et l\u2019\u00e9quipe qui manquera son tir sera \u00e9limin\u00e9e<\/strong><\/li>\n<li><strong>La dur\u00e9e des matchs est de 1 x 12 minutes (sans changement de camp). La finale se jouera en 2 mi-temps de 10 minutes.<\/strong><\/li>\n<\/ol>\n<p>&nbsp;<\/p>\n<p>&nbsp;<\/p>\n<h3><strong><span style=\"color: #008000;\"><em>Bon tournoi et Merci \u00e0 ceux qui nous ont pr\u00e9c\u00e9d\u00e9s\u00a0!<\/em><\/span><\/strong><\/h3>\n<p>&nbsp;<\/p>\n<p><img loading=\"lazy\" decoding=\"async\" class=\"alignnone size-full wp-image-148\" src=\"http:\/\/corposion.ch\/wp-content\/uploads\/2018\/04\/about-business-PixTeller-196252.png\" alt=\"\" width=\"620\" height=\"874\" srcset=\"http:\/\/corposion.ch\/wp-content\/uploads\/2018\/04\/about-business-PixTeller-196252.png 620w, http:\/\/corposion.ch\/wp-content\/uploads\/2018\/04\/about-business-PixTeller-196252-213x300.png 213w\" sizes=\"auto, (max-width: 620px) 100vw, 620px\" \/><\/p>\n<p>&nbsp;<\/p>\n","protected":false},"excerpt":{"rendered":"<p>Aux responsables d\u2019entreprises, associations, groupements\u2026 \u00a0\u00a0\u00a0\u00a0\u00a0\u00a0\u00a0\u00a0\u00a0\u00a0\u00a0\u00a0\u00a0\u00a0\u00a0\u00a0\u00a0\u00a0\u00a0\u00a0\u00a0\u00a0\u00a0\u00a0\u00a0\u00a0\u00a0\u00a0\u00a0 \u00a0\u00a0\u00a0\u00a0\u00a0\u00a0 de la r\u00e9gion s\u00e9dunoise &nbsp; Bonjour, Les anciens se souviennent certainement et les nouveaux \u2013comme beaucoup d\u2019entre vous \u2013 n\u2019en ont jamais entendu parler\u00a0: depuis plus de 70 ans (71 ans cette ann\u00e9e), un tournoi de football \u00ab\u00a0hors-championnat\u00a0\u00bb regroupant les entreprises de la r\u00e9gion s\u00e9dunoise, se d\u00e9roulent dans &hellip; <a href=\"http:\/\/corposion.ch\/?page_id=136\" class=\"more-link\">Continuer la lecture de <span class=\"screen-reader-text\">Tournoi du 70\u00e8me<\/span><\/a><\/p>\n","protected":false},"author":1,"featured_media":0,"parent":0,"menu_order":0,"comment_status":"closed","ping_status":"closed","template":"","meta":{"footnotes":""},"class_list":["post-136","page","type-page","status-publish","hentry"],"_links":{"self":[{"href":"http:\/\/corposion.ch\/index.php?rest_route=\/wp\/v2\/pages\/136","targetHints":{"allow":["GET"]}}],"collection":[{"href":"http:\/\/corposion.ch\/index.php?rest_route=\/wp\/v2\/pages"}],"about":[{"href":"http:\/\/corposion.ch\/index.php?rest_route=\/wp\/v2\/types\/page"}],"author":[{"embeddable":true,"href":"http:\/\/corposion.ch\/index.php?rest_route=\/wp\/v2\/users\/1"}],"replies":[{"embeddable":true,"href":"http:\/\/corposion.ch\/index.php?rest_route=%2Fwp%2Fv2%2Fcomments&post=136"}],"version-history":[{"count":5,"href":"http:\/\/corposion.ch\/index.php?rest_route=\/wp\/v2\/pages\/136\/revisions"}],"predecessor-version":[{"id":151,"href":"http:\/\/corposion.ch\/index.php?rest_route=\/wp\/v2\/pages\/136\/revisions\/151"}],"wp:attachment":[{"href":"http:\/\/corposion.ch\/index.php?rest_route=%2Fwp%2Fv2%2Fmedia&parent=136"}],"curies":[{"name":"wp","href":"https:\/\/api.w.org\/{rel}","templated":true}]}}