{"id":117,"date":"2017-10-01T17:52:15","date_gmt":"2017-10-01T17:52:15","guid":{"rendered":"https:\/\/corposion.ch\/?page_id=117"},"modified":"2017-10-01T17:52:15","modified_gmt":"2017-10-01T17:52:15","slug":"reglements-et-statuts","status":"publish","type":"page","link":"http:\/\/corposion.ch\/?page_id=117","title":{"rendered":"R\u00e8glements et Statuts"},"content":{"rendered":"<h1 align=\"center\">Statuts<\/h1>\n<p>&nbsp;<\/p>\n<p>Groupement des \u00c9quipes de Football Hors-Championnat de Sion et Environs sis \u00e0 Sion<\/p>\n<p>&nbsp;<\/p>\n<p>&nbsp;<\/p>\n<p>&nbsp;<\/p>\n<p><strong>1.\u00a0\u00a0<\/strong><strong>Nom et si\u00e8ge<\/strong><\/p>\n<p>Sous le nom \u00ab<strong>Groupement des Equipes de Football Hors-Championnat de Sion et<\/strong><strong>Environs.\u00a0 GEFHC<\/strong>\u00bb a \u00e9t\u00e9 constitu\u00e9e en 1947, une<br \/>\nAssociation \u00e0 but non lucratif, au sens des articles 60 et suivants du Code civil suisse, dont le si\u00e8ge se trouve \u00e0\u00a0<strong>Sion<\/strong>.<\/p>\n<p><strong>2.\u00a0\u00a0<\/strong><strong>But<\/strong><\/p>\n<p>L\u2019Association a pour but de promouvoir le sport (le football) au sein des entreprises de la r\u00e9gion s\u00e9dunoise,<\/p>\n<p>Afin de cr\u00e9er une dynamique entre les employ\u00e9s des dites entreprises et la direction de celles-ci.<\/p>\n<p><strong>3.\u00a0\u00a0<\/strong><strong>Moyens financiers<\/strong><\/p>\n<p>Pour poursuivre son but, l\u2019Association dispose des cotisations des membres, dont le montant est fix\u00e9 annuellement par l\u2019Assembl\u00e9e g\u00e9n\u00e9rale,<\/p>\n<p>Et du b\u00e9n\u00e9fice du Loto (sous r\u00e9srve de l\u2019autorisation de la part de la Commune de Sion)<\/p>\n<p><strong>4.\u00a0\u00a0<\/strong><strong>Membres<\/strong><\/p>\n<p>Est admis comme membre actif avec droit de vote toute entreprise, association ou consortium d\u2019entreprises qui soutient le but de l\u2019Association.<\/p>\n<p>Est admis comme membre passif sans droit de vote toute personne physique ou morale qui soutient, soit par ses dons, soit par sa pr\u00e9sence le GEFHC.<\/p>\n<p>Les demandes d\u2019affiliation doivent \u00eatre adress\u00e9es au Pr\u00e9sident de l\u2019Association. L\u2019assembl\u00e9e g\u00e9n\u00e9rale d\u00e9cide de l\u2019admission d\u2019un membre.<\/p>\n<p><strong>5.\u00a0\u00a0<\/strong><strong>Extinction de l\u2019affiliation<\/strong><\/p>\n<p>La qualit\u00e9 de membre se perd:<\/p>\n<p>Pour le membre passif :<br \/>\npar la sortie, l\u2019exclusion ou le d\u00e9c\u00e8s pour des personnes physiques<\/p>\n<p>Pour le membre actif :<br \/>\npar la sortie, l\u2019exclusion ou la dissolution de l\u2019entreprise, association ou consortium d\u2019entreprises.<\/p>\n<p><strong>6.\u00a0\u00a0<\/strong><strong>Sortie et exclusion<\/strong><\/p>\n<p>La lettre de<br \/>\nsortie, adress\u00e9e au Pr\u00e9sident, doit \u00eatre envoy\u00e9e par lettre recommand\u00e9e au moins trois semaines avant l\u2019Assembl\u00e9e g\u00e9n\u00e9rale ordinaire.<\/p>\n<p>Un membre peut \u00eatre exclu de l\u2019Association \u00e0 tout moment et pour motifs graves. Le Comit\u00e9 d\u00e9cide de l\u2019exclusion; le membre peut faire recours contre la d\u00e9cision d\u2019exclusion lors de\u00a0 l\u2019Assembl\u00e9e g\u00e9n\u00e9rale.<\/p>\n<p><strong>7.\u00a0\u00a0<\/strong><strong>Organes de l\u2019Association<\/strong><\/p>\n<p>Les organes de l\u2019Association sont:<\/p>\n<p>a)\u00a0\u00a0\u00a0l\u2019Assembl\u00e9e g\u00e9n\u00e9rale<\/p>\n<p>b)\u00a0\u00a0\u00a0le Comit\u00e9<\/p>\n<p>c)\u00a0\u00a0\u00a0les V\u00e9rificateurs des comptes<\/p>\n<p><strong>8.\u00a0\u00a0<\/strong><strong>L\u2019Assembl\u00e9e g\u00e9n\u00e9rale<\/strong><\/p>\n<p>L\u2019Assembl\u00e9e g\u00e9n\u00e9rale est l\u2019organe supr\u00eame de l\u2019Association. L\u2019Assembl\u00e9e g\u00e9n\u00e9rale ordinaire est convoqu\u00e9e dans le premier trimestre de l\u2019ann\u00e9e.<\/p>\n<p>Les membres sont convoqu\u00e9s par \u00e9crit au moins quatres semaines avant la date fix\u00e9e de l\u2019Assembl\u00e9e g\u00e9n\u00e9rale.\u00a0 L\u2019ordre du jour doit accompagner la convocation.<\/p>\n<p>L\u2019Assembl\u00e9e g\u00e9n\u00e9rale a les comp\u00e9tences irr\u00e9vocables suivantes :<\/p>\n<p>a)\u00a0\u00a0\u00a0\u00e9lection des membres du Comit\u00e9 et des V\u00e9rificateurs de compte.<\/p>\n<p>b)\u00a0\u00a0\u00a0\u00e9tablissement et modification des statuts.<\/p>\n<p>c)\u00a0\u00a0\u00a0approbation des comptes annuels et du rapport des V\u00e9rificateurs<\/p>\n<p>d)\u00a0\u00a0\u00a0approbation du budget annuel<\/p>\n<p>e)\u00a0\u00a0\u00a0fixation du montant des cotisations des membres<\/p>\n<p>f)\u00a0\u00a0\u00a0examen des recours des membres exclus<\/p>\n<p>Chaque membre poss\u00e8de une voix \u00e0 l\u2019Assembl\u00e9e g\u00e9n\u00e9rale et\u00a0 les d\u00e9cisions sont prises \u00e0 la majorit\u00e9 simple. Les membres passifs sont convoqu\u00e9s \u00e0 l\u2019Assembl\u00e9e g\u00e9n\u00e9rale mais n\u2019ont pas le droit de vote.<\/p>\n<p><strong>9.\u00a0\u00a0<\/strong><strong>Comit\u00e9<\/strong><\/p>\n<p>Le Comit\u00e9 est \u00e9lu pour deux ans. Il est compos\u00e9 d\u2019au moins cinq personnes,\u00a0\u00a0\u00e0 savoir :<\/p>\n<ol>\n<li>Un Pr\u00e9sident<\/li>\n<li>Un Caissier<\/li>\n<li>Un Secr\u00e9taire<\/li>\n<li>Un Responsable des arbitres<\/li>\n<li>Un Membre<\/li>\n<\/ol>\n<p>Le Comit\u00e9 repr\u00e9sente l\u2019Association et g\u00e8re les affaires en courrantes.<\/p>\n<p><strong>10.<\/strong>\u00a0<strong>V\u00e9rificateurs<\/strong><\/p>\n<p>L\u2019Assembl\u00e9e g\u00e9n\u00e9rale nomme deux V\u00e9rificateurs de compte, \u00e9lus pour deux ans, qui examinent les comptes et effectuent des contr\u00f4les ponctuels au moins une fois par an.<\/p>\n<p><strong>11.<\/strong>\u00a0<strong>Signature<\/strong><\/p>\n<p>Gestion de l\u2019Association :<\/p>\n<p>L\u2019Association est valablement engag\u00e9e par la signature collective \u00e0 deux du Pr\u00e9sident et d\u2019un autre membre du Comit\u00e9.<\/p>\n<p>Gestion de la fortune :<\/p>\n<p>L\u2019Association est valablement engag\u00e9e par la signature individuelle du Pr\u00e9sident ou d\u2019un autre membre du Comit\u00e9 (en principe le Caissier).<\/p>\n<p><strong>12.<\/strong>\u00a0<strong>Responsabilit\u00e9<\/strong><\/p>\n<p>Les obligations financi\u00e8res n\u2019engagent que la fortune de l\u2019Association. Toute responsabilit\u00e9 personnelle des membres est exclue.<\/p>\n<p><strong>13.<\/strong>\u00a0<strong>Modificationdes statuts<\/strong><\/p>\n<p>La modification des statuts peut \u00eatre propos\u00e9e par un membre. L\u2019approbation de la\u00a0\u00a0 modification doit \u00eatre ent\u00e9rin\u00e9e par les trois quarts des membres pr\u00e9sents lors de l\u2019Assembl\u00e9e g\u00e9n\u00e9rale.<\/p>\n<p><strong>14.<\/strong>\u00a0<strong>Dissolution de l\u2019Association<\/strong><\/p>\n<p>La dissolution de l\u2019Association peut \u00eatre prononc\u00e9e par d\u00e9cision de l\u2019Assembl\u00e9e g\u00e9n\u00e9rale (\u00e0 la majorit\u00e9 simple) \u00e0 laquelle participent\u00a0 au moins les trois quarts des membres.<\/p>\n<p>Si le quorum des trois quarts des participants n\u2019est pas atteint, une seconde Assembl\u00e9e devra \u00eatre convoqu\u00e9e dans le mois qui suit. Lors de cette<br \/>\nAssembl\u00e9e g\u00e9n\u00e9rale, la dissolution de l\u2019Association peut \u00eatre prononc\u00e9e \u00e0 une majorit\u00e9 simple, si\u00a0 moins de trois quarts des membres y sont pr\u00e9sents.<\/p>\n<p>En cas d\u2019\u00e9galit\u00e9 la voix du Pr\u00e9sident est d\u00e9terminante.<\/p>\n<p>En cas de dissolution de l\u2019Association, sa fortune est r\u00e9partie entre les membres (entreprise, association ou consortium d\u2019entreprise)<br \/>\nayant pay\u00e9s ses cotisations durant les trois derni\u00e8res ann\u00e9es.<\/p>\n<p>La fortune est r\u00e9partie au prorata des ann\u00e9es de cotisations des membres actifs.<\/p>\n<p><strong>15.<\/strong>\u00a0<strong>Entr\u00e9e en vigueur<\/strong><\/p>\n<p>Ces statuts ont \u00e9t\u00e9 adopt\u00e9s lors de l\u2019Assembl\u00e9e g\u00e9n\u00e9rale extraordinaire\u00a0 du 21 mars 2011\u00a0 et entrent\u00a0 en vigueur le jour m\u00eame<\/p>\n<p>Les pr\u00e9sents<br \/>\nstatuts remplacent et annulent ceux\u00a0 du<br \/>\n29 mars 1974.<\/p>\n<p>&nbsp;<\/p>\n<p>&nbsp;<\/p>\n<p>R\u00e8glement du Championnat<\/p>\n<p>Point 1<\/p>\n<p>Le championnat se d\u00e9roule toutes les ann\u00e9es aux mois d\u2019avril, mai et juin.<\/p>\n<p>Point 2<\/p>\n<p>Les inscriptions doivent parvenir au pr\u00e9sident au plus tard pour la fin janvier.<\/p>\n<p>Point 3<\/p>\n<p>Les passeports remplis, sign\u00e9s et munis d\u2019une photo r\u00e9cente doivent \u00eatre retourn\u00e9s au plus tard le jour de l\u2019assembl\u00e9e g\u00e9n\u00e9rale.<\/p>\n<p>Point 4<\/p>\n<p>Le calendrier du championnat est transmis au plus tard 2 semaines avant le d\u00e9but de celui-ci.<\/p>\n<p>Point 5<\/p>\n<p>Le championnat se d\u00e9roule sur des terrains format juniors D<\/p>\n<p>Point 6<\/p>\n<p>Les parties se d\u00e9roulent selon les r\u00e8gles de l\u2019ASF, sauf le hors-jeu qui est supprim\u00e9.<\/p>\n<p>Point 7<\/p>\n<p>Les parties durent deux fois 20 minutes, sans mi-temps.<\/p>\n<p>Point 8<\/p>\n<p>Les \u00e9quipes doivent se pr\u00e9senter 5 minutes avant le d\u00e9but du match.<\/p>\n<p>Point 9<\/p>\n<p>La feuille de match doit \u00eatre remplie par les deux \u00e9quipes et transmise \u00e0 l\u2019arbitre avant le d\u00e9but de la partie<\/p>\n<p>Point 10<\/p>\n<p>Les parties sejouent \u00e0 6 joueurs dans chaque \u00e9quipes (5 joueurs de champs plus le gardien.)<\/p>\n<p>Des d\u00e9rogations quant \u00e0 un nombre plus important de joueurs ne peuvent se faire que sur acceptation des deux responsables d\u2019\u00e9quipes et de l\u2019arbitre.<\/p>\n<p>Point 11<\/p>\n<p>Les \u00e9quipes doivent se pr\u00e9senter sur le terrain avec les m\u00eames \u00e9quipements pour tous les joueurs.<\/p>\n<p>Point 12<\/p>\n<p>Les prot\u00e8ge-tibias sont obligatoires.<\/p>\n<p>Point 13<\/p>\n<p>Une \u00e9quipe se pr\u00e9sentant \u00e0 4 joueurs ou moins sur le terrain perd son match par forfait.<\/p>\n<p>Point 14<\/p>\n<p>Une \u00e9quipe se pr\u00e9sentant sur le terrain avec plus de 10 minutes de retard sans en avoir inform\u00e9 l\u2019arbitre au pr\u00e9alable perd son match par forfait.<\/p>\n<p>Point 15<\/p>\n<p>Un joueur expuls\u00e9 doit quitter imm\u00e9diatement le terrain de jeu.<\/p>\n<p>Une \u00e9ventuelle suspension sera d\u00e9cid\u00e9e par le comit\u00e9 qui en informera le pr\u00e9sident du club dans la semaine qui suit son expulsion.<\/p>\n<p>Durant ce temps, ce joueur n\u2019est pas autoris\u00e9 \u00e0 participer \u00e0 d\u2019autres matchs.<\/p>\n<p>Point 16<\/p>\n<p>Un match ne peut \u00eatre modifi\u00e9 qu\u2019avec l\u2019accord du comit\u00e9.<\/p>\n<p>Point 17<\/p>\n<p>Si l\u2019arbitre convoqu\u00e9 officiellement ne se pr\u00e9sente pas sur le terrain. Les capitaines d\u2019\u00e9quipes ont la possibilit\u00e9 de se mettre d\u2019accord pour jouer le match.<\/p>\n<p>\u00c0 la fin decelui-ci ils doivent en aviser le pr\u00e9sident du GEFHC pour le r\u00e9sultat.<\/p>\n<p>Point 18<\/p>\n<p>Les chaussures \u00e0 crampons m\u00e9talliques sont interdites.<\/p>\n<p>Point 19<\/p>\n<p>Un joueur inscrit dans une \u00e9quipe n\u2019as pas le droit sauf accord des deux responsables d\u2019\u00e9quipes et de l\u2019arbitre de jouer pour une autre \u00e9quipe.<\/p>\n<p>&nbsp;<\/p>\n<p>&nbsp;<\/p>\n<p><a id=\"p19\" href=\"http:\/\/gefhc.e.g.f.unblog.fr\/files\/2010\/03\/rglementchampionnat.pdf\"><img decoding=\"async\" src=\"http:\/\/gefhc.unblog.fr\/wp-includes\/images\/pdf.png\" alt=\"R\u00e8glements et Statuts pdf\" align=\"absmiddle\" border=\"0\" \/>\u00a0rglementchampionnat.pdf<\/a><\/p>\n<p>&nbsp;<\/p>\n<p><a id=\"p41\" href=\"http:\/\/gefhc.e.g.f.unblog.fr\/files\/2011\/03\/statutsgefhc.pdf\"><img decoding=\"async\" src=\"http:\/\/gefhc.unblog.fr\/wp-includes\/images\/pdf.png\" alt=\"pdf\" align=\"absmiddle\" border=\"0\" \/>\u00a0statutsgefhc.pdf<\/a><\/p>\n","protected":false},"excerpt":{"rendered":"<p>Statuts &nbsp; Groupement des \u00c9quipes de Football Hors-Championnat de Sion et Environs sis \u00e0 Sion &nbsp; &nbsp; &nbsp; 1.\u00a0\u00a0Nom et si\u00e8ge Sous le nom \u00abGroupement des Equipes de Football Hors-Championnat de Sion etEnvirons.\u00a0 GEFHC\u00bb a \u00e9t\u00e9 constitu\u00e9e en 1947, une Association \u00e0 but non lucratif, au sens des articles 60 et suivants du Code civil &hellip; <a href=\"http:\/\/corposion.ch\/?page_id=117\" class=\"more-link\">Continuer la lecture de <span class=\"screen-reader-text\">R\u00e8glements et Statuts<\/span><\/a><\/p>\n","protected":false},"author":1,"featured_media":0,"parent":0,"menu_order":0,"comment_status":"closed","ping_status":"closed","template":"","meta":{"footnotes":""},"class_list":["post-117","page","type-page","status-publish","hentry"],"_links":{"self":[{"href":"http:\/\/corposion.ch\/index.php?rest_route=\/wp\/v2\/pages\/117","targetHints":{"allow":["GET"]}}],"collection":[{"href":"http:\/\/corposion.ch\/index.php?rest_route=\/wp\/v2\/pages"}],"about":[{"href":"http:\/\/corposion.ch\/index.php?rest_route=\/wp\/v2\/types\/page"}],"author":[{"embeddable":true,"href":"http:\/\/corposion.ch\/index.php?rest_route=\/wp\/v2\/users\/1"}],"replies":[{"embeddable":true,"href":"http:\/\/corposion.ch\/index.php?rest_route=%2Fwp%2Fv2%2Fcomments&post=117"}],"version-history":[{"count":1,"href":"http:\/\/corposion.ch\/index.php?rest_route=\/wp\/v2\/pages\/117\/revisions"}],"predecessor-version":[{"id":118,"href":"http:\/\/corposion.ch\/index.php?rest_route=\/wp\/v2\/pages\/117\/revisions\/118"}],"wp:attachment":[{"href":"http:\/\/corposion.ch\/index.php?rest_route=%2Fwp%2Fv2%2Fmedia&parent=117"}],"curies":[{"name":"wp","href":"https:\/\/api.w.org\/{rel}","templated":true}]}}